{"id":36,"date":"2016-04-12T12:31:18","date_gmt":"2016-04-12T12:31:18","guid":{"rendered":"http:\/\/nymansel.nypabbutiken.se\/?page_id=36"},"modified":"2016-04-14T09:25:24","modified_gmt":"2016-04-14T09:25:24","slug":"startsida","status":"publish","type":"page","link":"https:\/\/nymansel.nypabbutiken.se\/","title":{"rendered":"Startsida"},"content":{"rendered":"<h2><strong>Exempel p\u00e5 webshop och produktsorteringar<br \/>\n<\/strong><\/h2>\n<p>F\u00f6r en webbutik med endast produktsortering klicka <a href=\"http:\/\/nymansel.nypabbutiken.se\/?page_id=38\">h\u00e4r.<\/a><\/p>\n<p>F\u00f6r en webbutik med kategorisortering klicka <a href=\"http:\/\/nymansel.nypabbutiken.se\/?page_id=32\">h\u00e4r.<\/a><\/p>\n<p>F\u00f6r en webbutik med produksortering och sidomeny f\u00f6r kategorier klicka <a href=\"http:\/\/nymansel.nypabbutiken.se\/?page_id=4\">h\u00e4r.<\/a><\/p>\n<h2>F\u00f6rslag p\u00e5 orderl\u00e4ggningssystem<\/h2>\n<p>Med ett separat konto f\u00f6r varje person\/mont\u00f6r kan Orderansvarig logga in och v\u00e4xla till mont\u00f6ren som best\u00e4llningen ska l\u00e4ggas p\u00e5\/alternativt logga in direkt med en lista p\u00e5 anv\u00e4ndarnamn och l\u00f6senord. Detta g\u00f6r att orderhistoriken (se nedan) blir l\u00e4ttsorterad p\u00e5 person\/mont\u00f6r men inte blir synlig f\u00f6r allm\u00e4nheten. Det ger \u00e4ven m\u00f6jlighet att anv\u00e4nda sig av personlig budget direkt i webbshoppen f\u00f6r varje person\/mont\u00f6r. Exempelvis kan Person 1 i Avdelning 1 handla f\u00f6r 3000kr per \u00e5r och Person 2 i Avdelning 2 handla f\u00f6r 4500kr per \u00e5r.<\/p>\n<h2>Ordersortering\/Historik<\/h2>\n<p>N\u00e4r du \u00e4r inloggad som Order kan du <a href=\"http:\/\/nymansel.nypabbutiken.se\/wp-admin\/edit.php?post_type=shop_order\">klicka h\u00e4r<\/a> f\u00f6r att se aktuella ordrar, m\u00f6jlighet till filtrering av ordrar till person\/mont\u00f6r finns. Klicka i rutan &#8221;S\u00f6k efter kund,&#8221; fyll i namnet och klicka p\u00e5 filtrera.<\/p>\n<p>Finns \u00e4ven m\u00f6jlighet att s\u00f6ka ordrar med ordernummer och email adress <a href=\"http:\/\/nymansel.nypabbutiken.se\/?page_id=50\">h\u00e4r.<\/a><\/p>\n<hr \/>\n<p>&nbsp;<\/p>\n<p>Vid ytterligare fr\u00e5gor och \u00f6nskem\u00e5l, v\u00e4nligen kontakta <a href=\"mailto:web@nypab.se\">web@nypab.se<\/a><\/p>\n<p>&nbsp;<\/p>\n<p>Observera att ordermail \u00e4r avst\u00e4ngda men ordrarna g\u00e5r igenom och syns i historiken.<\/p>\n","protected":false},"excerpt":{"rendered":"<p>Exempel p\u00e5 webshop och produktsorteringar F\u00f6r en webbutik med endast produktsortering klicka h\u00e4r. F\u00f6r en webbutik med kategorisortering klicka h\u00e4r. F\u00f6r en webbutik med produksortering och sidomeny f\u00f6r kategorier klicka h\u00e4r. F\u00f6rslag p\u00e5 orderl\u00e4ggningssystem Med ett separat konto f\u00f6r varje person\/mont\u00f6r kan Orderansvarig logga in och v\u00e4xla till mont\u00f6ren som best\u00e4llningen ska l\u00e4ggas p\u00e5\/alternativt logga [&hellip;]<\/p>\n","protected":false},"author":1,"featured_media":0,"parent":0,"menu_order":0,"comment_status":"closed","ping_status":"closed","template":"template-fullwidth.php","meta":{"footnotes":""},"class_list":["post-36","page","type-page","status-publish","hentry"],"_links":{"self":[{"href":"https:\/\/nymansel.nypabbutiken.se\/index.php?rest_route=\/wp\/v2\/pages\/36","targetHints":{"allow":["GET"]}}],"collection":[{"href":"https:\/\/nymansel.nypabbutiken.se\/index.php?rest_route=\/wp\/v2\/pages"}],"about":[{"href":"https:\/\/nymansel.nypabbutiken.se\/index.php?rest_route=\/wp\/v2\/types\/page"}],"author":[{"embeddable":true,"href":"https:\/\/nymansel.nypabbutiken.se\/index.php?rest_route=\/wp\/v2\/users\/1"}],"replies":[{"embeddable":true,"href":"https:\/\/nymansel.nypabbutiken.se\/index.php?rest_route=%2Fwp%2Fv2%2Fcomments&post=36"}],"version-history":[{"count":10,"href":"https:\/\/nymansel.nypabbutiken.se\/index.php?rest_route=\/wp\/v2\/pages\/36\/revisions"}],"predecessor-version":[{"id":115,"href":"https:\/\/nymansel.nypabbutiken.se\/index.php?rest_route=\/wp\/v2\/pages\/36\/revisions\/115"}],"wp:attachment":[{"href":"https:\/\/nymansel.nypabbutiken.se\/index.php?rest_route=%2Fwp%2Fv2%2Fmedia&parent=36"}],"curies":[{"name":"wp","href":"https:\/\/api.w.org\/{rel}","templated":true}]}}