{"id":8,"date":"2016-04-12T08:51:01","date_gmt":"2016-04-12T08:51:01","guid":{"rendered":"http:\/\/nymansel.nypabbutiken.se\/?post_type=product&#038;p=8"},"modified":"2016-04-14T08:33:58","modified_gmt":"2016-04-14T08:33:58","slug":"testprodukt","status":"publish","type":"product","link":"https:\/\/nymansel.nypabbutiken.se\/?product=testprodukt","title":{"rendered":"Byxor"},"content":{"rendered":"<p>Funktionalitet<br \/>\nTyg<br \/>\n100% bomull, twill, 370g\/m\u00b2<br \/>\nF\u00f6rst\u00e4rkning<br \/>\nCORDURA\u00ae-f\u00f6rst\u00e4rkta p\u00e5 kn\u00e4n och bakfickor<br \/>\nDetaljer<br \/>\nGylf med metallblixtl\u00e5s<br \/>\nHammarhank i sidan<br \/>\nH\u00e4llor, varav en med D-ring<br \/>\nMetallknappar<br \/>\nInnerbenss\u00f6m med 3-n\u00e5lsstickning<br \/>\nID-kortsficka<br \/>\nFickor<br \/>\nBakfickor med b\u00e4lg<br \/>\nBenficka med b\u00e4lg, lock och pennficka, extra ficka, telefonficka och ID-kortsficka<br \/>\nFramfickor med b\u00e4lg<br \/>\nKn\u00e4skyddsfickor med m\u00f6jlighet till tv\u00e5 placeringsniv\u00e5er<br \/>\nSpikfickor &#8211; med mejselfickor och verktygshankar som kan stoppas i de b\u00e4lgade framfickorna<br \/>\nTumstocksficka med knivh\u00e5llare och pennficka<\/p>\n","protected":false},"excerpt":{"rendered":"<p>En klassisk hantverksbyxa som st\u00e4ndigt utvecklas. Byxan \u00e4r konstruerad f\u00f6r att g\u00f6ra dig effektiv i ditt arbete och har m\u00e5nga genomt\u00e4nkta detaljer och smarta fickl\u00f6sningar. Byxan har tren\u00e5lss\u00f6mmar p\u00e5 utsatta st\u00e4llen &#8211; vilket g\u00f6r byxan s\u00e5 slitstarkt att vi kan l\u00e4mna livstids garanti p\u00e5 s\u00f6mmarna. Kn\u00e4skyddsfickorna \u00e4r dessutom f\u00f6rst\u00e4rkta med CORDURA\u00ae.<\/p>\n","protected":false},"featured_media":59,"comment_status":"open","ping_status":"closed","template":"","meta":[],"product_cat":[8],"product_tag":[],"class_list":{"0":"post-8","1":"product","2":"type-product","3":"status-publish","4":"has-post-thumbnail","6":"product_cat-byxor","8":"first","9":"instock","10":"shipping-taxable","11":"purchasable","12":"product-type-variable"},"_links":{"self":[{"href":"https:\/\/nymansel.nypabbutiken.se\/index.php?rest_route=\/wp\/v2\/product\/8","targetHints":{"allow":["GET"]}}],"collection":[{"href":"https:\/\/nymansel.nypabbutiken.se\/index.php?rest_route=\/wp\/v2\/product"}],"about":[{"href":"https:\/\/nymansel.nypabbutiken.se\/index.php?rest_route=\/wp\/v2\/types\/product"}],"replies":[{"embeddable":true,"href":"https:\/\/nymansel.nypabbutiken.se\/index.php?rest_route=%2Fwp%2Fv2%2Fcomments&post=8"}],"wp:featuredmedia":[{"embeddable":true,"href":"https:\/\/nymansel.nypabbutiken.se\/index.php?rest_route=\/wp\/v2\/media\/59"}],"wp:attachment":[{"href":"https:\/\/nymansel.nypabbutiken.se\/index.php?rest_route=%2Fwp%2Fv2%2Fmedia&parent=8"}],"wp:term":[{"taxonomy":"product_cat","embeddable":true,"href":"https:\/\/nymansel.nypabbutiken.se\/index.php?rest_route=%2Fwp%2Fv2%2Fproduct_cat&post=8"},{"taxonomy":"product_tag","embeddable":true,"href":"https:\/\/nymansel.nypabbutiken.se\/index.php?rest_route=%2Fwp%2Fv2%2Fproduct_tag&post=8"}],"curies":[{"name":"wp","href":"https:\/\/api.w.org\/{rel}","templated":true}]}}