{"id":89,"date":"2016-04-14T08:39:19","date_gmt":"2016-04-14T08:39:19","guid":{"rendered":"http:\/\/nymansel.nypabbutiken.se\/?post_type=product&#038;p=89"},"modified":"2016-04-14T08:40:35","modified_gmt":"2016-04-14T08:40:35","slug":"skyddsskor-jalas-3460a-light-sport","status":"publish","type":"product","link":"https:\/\/nymansel.nypabbutiken.se\/?product=skyddsskor-jalas-3460a-light-sport","title":{"rendered":"Skyddsskor JALAS 3460A LIGHT SPORT"},"content":{"rendered":"<div class=\"row\">\n<div class=\"col-xs-12\">\n<h3>JALAS<sup>\u00ae<\/sup> 3460a Light Sport<\/h3>\n<\/div>\n<\/div>\n<div class=\"row\">\n<div class=\"col-sm-6 table-responsive\">\n<table class=\"table table-striped\">\n<tbody>\n<tr>\n<th>EN kravuppfyllnad<\/th>\n<td>S2 SRC<\/td>\n<\/tr>\n<tr>\n<th>Typ<\/th>\n<td>L\u00e5gskor<\/td>\n<\/tr>\n<tr>\n<th>Undertyp<\/th>\n<td>Skyddsskor<\/td>\n<\/tr>\n<tr>\n<th>Passform<\/th>\n<td>Normal<\/td>\n<\/tr>\n<tr>\n<th>Storlekar<\/th>\n<td>36, 37, 38, 39, 40, 41, 42, 43, 44, 45, 46, 47<\/td>\n<\/tr>\n<tr>\n<th>Kollektion<\/th>\n<td>M-Sport<\/td>\n<\/tr>\n<tr>\n<th>Plattform<\/th>\n<td>M-Sport<\/td>\n<\/tr>\n<tr>\n<th>Ovandelsmaterial<\/th>\n<td>Spaltl\u00e4der, textil<\/td>\n<\/tr>\n<tr>\n<th>Innersula<\/th>\n<td>FX2 Classic<\/td>\n<\/tr>\n<\/tbody>\n<\/table>\n<\/div>\n<\/div>\n","protected":false},"excerpt":{"rendered":"<p>JALAS\u00ae 3460A Light Sport<br \/>\n<strong>FUNKTIONER<\/strong><br \/>\nL\u00e5g vikt, oljebest\u00e4ndig yttersula, antistatiska egenskaper,<br \/>\npolstrad skaftkant, ventilerande innersula, vattenavvisande,<br \/>\ndubbla st\u00f6td\u00e4mpningszoner, \u00f6verensst\u00e4mmer med IEC<br \/>\n61340-5-1 (ESD)<br \/>\n<strong>HUVUDSAKLIGT SKYDD<\/strong><br \/>\nMotverkar risk f\u00f6r:, t\u00e5skador, antistatiska risker<br \/>\n<strong>HUVUDSAKLIGA ANV\u00c4NDNINGSMILJ\u00d6ER<\/strong><br \/>\nUtomhus<\/p>\n","protected":false},"featured_media":102,"comment_status":"open","ping_status":"closed","template":"","meta":[],"product_cat":[10],"product_tag":[],"class_list":{"0":"post-89","1":"product","2":"type-product","3":"status-publish","4":"has-post-thumbnail","6":"product_cat-skor","8":"first","9":"instock","10":"shipping-taxable","11":"purchasable","12":"product-type-variable"},"_links":{"self":[{"href":"https:\/\/nymansel.nypabbutiken.se\/index.php?rest_route=\/wp\/v2\/product\/89","targetHints":{"allow":["GET"]}}],"collection":[{"href":"https:\/\/nymansel.nypabbutiken.se\/index.php?rest_route=\/wp\/v2\/product"}],"about":[{"href":"https:\/\/nymansel.nypabbutiken.se\/index.php?rest_route=\/wp\/v2\/types\/product"}],"replies":[{"embeddable":true,"href":"https:\/\/nymansel.nypabbutiken.se\/index.php?rest_route=%2Fwp%2Fv2%2Fcomments&post=89"}],"wp:featuredmedia":[{"embeddable":true,"href":"https:\/\/nymansel.nypabbutiken.se\/index.php?rest_route=\/wp\/v2\/media\/102"}],"wp:attachment":[{"href":"https:\/\/nymansel.nypabbutiken.se\/index.php?rest_route=%2Fwp%2Fv2%2Fmedia&parent=89"}],"wp:term":[{"taxonomy":"product_cat","embeddable":true,"href":"https:\/\/nymansel.nypabbutiken.se\/index.php?rest_route=%2Fwp%2Fv2%2Fproduct_cat&post=89"},{"taxonomy":"product_tag","embeddable":true,"href":"https:\/\/nymansel.nypabbutiken.se\/index.php?rest_route=%2Fwp%2Fv2%2Fproduct_tag&post=89"}],"curies":[{"name":"wp","href":"https:\/\/api.w.org\/{rel}","templated":true}]}}